{"id":430,"date":"2021-10-21T12:16:45","date_gmt":"2021-10-21T10:16:45","guid":{"rendered":"https:\/\/h2obois.be\/?page_id=430"},"modified":"2021-10-25T14:26:33","modified_gmt":"2021-10-25T12:26:33","slug":"qui-sommes-nous","status":"publish","type":"page","link":"https:\/\/h2obois.be\/?page_id=430","title":{"rendered":"Qui sommes-nous?"},"content":{"rendered":"\t\t<div data-elementor-type=\"wp-page\" data-elementor-id=\"430\" class=\"elementor elementor-430\" data-elementor-post-type=\"page\">\n\t\t\t\t\t\t\t\t\t<section class=\"elementor-section elementor-top-section elementor-element elementor-element-5ecc64e elementor-section-boxed elementor-section-height-default elementor-section-height-default\" data-id=\"5ecc64e\" data-element_type=\"section\">\n\t\t\t\t\t\t<div class=\"elementor-container elementor-column-gap-default\">\n\t\t\t\t\t<div class=\"elementor-column elementor-col-100 elementor-top-column elementor-element elementor-element-087eb5b\" data-id=\"087eb5b\" data-element_type=\"column\">\n\t\t\t<div class=\"elementor-widget-wrap elementor-element-populated\">\n\t\t\t\t\t\t\t\t<div class=\"elementor-element elementor-element-300238c elementor-widget elementor-widget-text-editor\" data-id=\"300238c\" data-element_type=\"widget\" data-widget_type=\"text-editor.default\">\n\t\t\t\t<div class=\"elementor-widget-container\">\n\t\t\t<style>\/*! elementor - v3.16.0 - 14-09-2023 *\/\n.elementor-widget-text-editor.elementor-drop-cap-view-stacked .elementor-drop-cap{background-color:#69727d;color:#fff}.elementor-widget-text-editor.elementor-drop-cap-view-framed .elementor-drop-cap{color:#69727d;border:3px solid;background-color:transparent}.elementor-widget-text-editor:not(.elementor-drop-cap-view-default) .elementor-drop-cap{margin-top:8px}.elementor-widget-text-editor:not(.elementor-drop-cap-view-default) .elementor-drop-cap-letter{width:1em;height:1em}.elementor-widget-text-editor .elementor-drop-cap{float:left;text-align:center;line-height:1;font-size:50px}.elementor-widget-text-editor .elementor-drop-cap-letter{display:inline-block}<\/style>\t\t\t\t<p><strong>Qui sommes-nous ?\u00a0<\/strong><\/p><p>Nous sommes une petite structure qui vous permet d&rsquo;obtenir un produit de qualit\u00e9, r\u00e9alis\u00e9 TOUJOURS avec le patron sur chantier.<br \/>Chaque produit est contr\u00f4l\u00e9 lors de sa r\u00e9alisation pour vous assurer une qualit\u00e9 de production optimum.\u00a0<\/p><p>H2O bois<br \/>Rue du Pi\u00e9mont 18<br \/>7387\u00a0 \u00a0Honnelles<br \/>Belgique<br \/>TVA : BE 0809 144 504<\/p><p>e-mail : fr.deschamps@hotmail.com<\/p><p>\u00a0<\/p><p>Nous mettons notre passion \u00e0 votre service, au quotidien.<\/p><p>\u00a0<\/p>\t\t\t\t\t\t<\/div>\n\t\t\t\t<\/div>\n\t\t\t\t\t<\/div>\n\t\t<\/div>\n\t\t\t\t\t\t\t<\/div>\n\t\t<\/section>\n\t\t\t\t\t\t\t<\/div>\n\t\t","protected":false},"excerpt":{"rendered":"<p>Qui sommes-nous ?\u00a0 Nous sommes une petite structure qui vous permet d&rsquo;obtenir un produit de qualit\u00e9, r\u00e9alis\u00e9 TOUJOURS avec le patron sur chantier.Chaque produit est contr\u00f4l\u00e9 lors de sa r\u00e9alisation pour vous assurer une qualit\u00e9 de production optimum.\u00a0 H2O boisRue du Pi\u00e9mont 187387\u00a0 \u00a0HonnellesBelgiqueTVA : BE 0809 144 504 e-mail : fr.deschamps@hotmail.com \u00a0 Nous mettons [&hellip;]<\/p>\n","protected":false},"author":1,"featured_media":0,"parent":0,"menu_order":0,"comment_status":"closed","ping_status":"closed","template":"","meta":[],"yoast_head":"<!-- This site is optimized with the Yoast SEO plugin v21.1 - https:\/\/yoast.com\/wordpress\/plugins\/seo\/ -->\n<title>Qui sommes-nous? - H2O Bois - piscines ossature bois dans le Hainaut en Belgique<\/title>\n<meta name=\"robots\" content=\"index, follow, max-snippet:-1, max-image-preview:large, max-video-preview:-1\" \/>\n<link rel=\"canonical\" href=\"https:\/\/h2obois.be\/?page_id=430\" \/>\n<meta property=\"og:locale\" content=\"fr_FR\" \/>\n<meta property=\"og:type\" content=\"article\" \/>\n<meta property=\"og:title\" content=\"Qui sommes-nous? - H2O Bois - piscines ossature bois dans le Hainaut en Belgique\" \/>\n<meta property=\"og:description\" content=\"Qui sommes-nous ?\u00a0 Nous sommes une petite structure qui vous permet d&rsquo;obtenir un produit de qualit\u00e9, r\u00e9alis\u00e9 TOUJOURS avec le patron sur chantier.Chaque produit est contr\u00f4l\u00e9 lors de sa r\u00e9alisation pour vous assurer une qualit\u00e9 de production optimum.\u00a0 H2O boisRue du Pi\u00e9mont 187387\u00a0 \u00a0HonnellesBelgiqueTVA : BE 0809 144 504 e-mail : fr.deschamps@hotmail.com \u00a0 Nous mettons [&hellip;]\" \/>\n<meta property=\"og:url\" content=\"https:\/\/h2obois.be\/?page_id=430\" \/>\n<meta property=\"og:site_name\" content=\"H2O Bois - piscines ossature bois dans le Hainaut en Belgique\" \/>\n<meta property=\"article:publisher\" content=\"https:\/\/www.facebook.com\/H2oBois\" \/>\n<meta property=\"article:modified_time\" content=\"2021-10-25T12:26:33+00:00\" \/>\n<meta name=\"twitter:card\" content=\"summary_large_image\" \/>\n<script type=\"application\/ld+json\" class=\"yoast-schema-graph\">{\"@context\":\"https:\/\/schema.org\",\"@graph\":[{\"@type\":\"WebPage\",\"@id\":\"https:\/\/h2obois.be\/?page_id=430\",\"url\":\"https:\/\/h2obois.be\/?page_id=430\",\"name\":\"Qui sommes-nous? - H2O Bois - piscines ossature bois dans le Hainaut en Belgique\",\"isPartOf\":{\"@id\":\"https:\/\/h2obois.be\/#website\"},\"datePublished\":\"2021-10-21T10:16:45+00:00\",\"dateModified\":\"2021-10-25T12:26:33+00:00\",\"breadcrumb\":{\"@id\":\"https:\/\/h2obois.be\/?page_id=430#breadcrumb\"},\"inLanguage\":\"fr-FR\",\"potentialAction\":[{\"@type\":\"ReadAction\",\"target\":[\"https:\/\/h2obois.be\/?page_id=430\"]}]},{\"@type\":\"BreadcrumbList\",\"@id\":\"https:\/\/h2obois.be\/?page_id=430#breadcrumb\",\"itemListElement\":[{\"@type\":\"ListItem\",\"position\":1,\"name\":\"Accueil\",\"item\":\"https:\/\/h2obois.be\/\"},{\"@type\":\"ListItem\",\"position\":2,\"name\":\"Qui sommes-nous?\"}]},{\"@type\":\"WebSite\",\"@id\":\"https:\/\/h2obois.be\/#website\",\"url\":\"https:\/\/h2obois.be\/\",\"name\":\"H2O Bois - piscines ossature bois dans le Hainaut en Belgique\",\"description\":\"Cr\u00e9ation et r\u00e9novation de piscine en ossature bois\",\"publisher\":{\"@id\":\"https:\/\/h2obois.be\/#organization\"},\"potentialAction\":[{\"@type\":\"SearchAction\",\"target\":{\"@type\":\"EntryPoint\",\"urlTemplate\":\"https:\/\/h2obois.be\/?s={search_term_string}\"},\"query-input\":\"required name=search_term_string\"}],\"inLanguage\":\"fr-FR\"},{\"@type\":\"Organization\",\"@id\":\"https:\/\/h2obois.be\/#organization\",\"name\":\"H2o Bois - Piscines ossature bois\",\"url\":\"https:\/\/h2obois.be\/\",\"logo\":{\"@type\":\"ImageObject\",\"inLanguage\":\"fr-FR\",\"@id\":\"https:\/\/h2obois.be\/#\/schema\/logo\/image\/\",\"url\":\"https:\/\/i0.wp.com\/h2obois.be\/wp-content\/uploads\/2021\/10\/favicon512x512.png?fit=512%2C512&ssl=1\",\"contentUrl\":\"https:\/\/i0.wp.com\/h2obois.be\/wp-content\/uploads\/2021\/10\/favicon512x512.png?fit=512%2C512&ssl=1\",\"width\":512,\"height\":512,\"caption\":\"H2o Bois - Piscines ossature bois\"},\"image\":{\"@id\":\"https:\/\/h2obois.be\/#\/schema\/logo\/image\/\"},\"sameAs\":[\"https:\/\/www.facebook.com\/H2oBois\"]}]}<\/script>\n<!-- \/ Yoast SEO plugin. -->","yoast_head_json":{"title":"Qui sommes-nous? - H2O Bois - piscines ossature bois dans le Hainaut en Belgique","robots":{"index":"index","follow":"follow","max-snippet":"max-snippet:-1","max-image-preview":"max-image-preview:large","max-video-preview":"max-video-preview:-1"},"canonical":"https:\/\/h2obois.be\/?page_id=430","og_locale":"fr_FR","og_type":"article","og_title":"Qui sommes-nous? - H2O Bois - piscines ossature bois dans le Hainaut en Belgique","og_description":"Qui sommes-nous ?\u00a0 Nous sommes une petite structure qui vous permet d&rsquo;obtenir un produit de qualit\u00e9, r\u00e9alis\u00e9 TOUJOURS avec le patron sur chantier.Chaque produit est contr\u00f4l\u00e9 lors de sa r\u00e9alisation pour vous assurer une qualit\u00e9 de production optimum.\u00a0 H2O boisRue du Pi\u00e9mont 187387\u00a0 \u00a0HonnellesBelgiqueTVA : BE 0809 144 504 e-mail : fr.deschamps@hotmail.com \u00a0 Nous mettons [&hellip;]","og_url":"https:\/\/h2obois.be\/?page_id=430","og_site_name":"H2O Bois - piscines ossature bois dans le Hainaut en Belgique","article_publisher":"https:\/\/www.facebook.com\/H2oBois","article_modified_time":"2021-10-25T12:26:33+00:00","twitter_card":"summary_large_image","schema":{"@context":"https:\/\/schema.org","@graph":[{"@type":"WebPage","@id":"https:\/\/h2obois.be\/?page_id=430","url":"https:\/\/h2obois.be\/?page_id=430","name":"Qui sommes-nous? - H2O Bois - piscines ossature bois dans le Hainaut en Belgique","isPartOf":{"@id":"https:\/\/h2obois.be\/#website"},"datePublished":"2021-10-21T10:16:45+00:00","dateModified":"2021-10-25T12:26:33+00:00","breadcrumb":{"@id":"https:\/\/h2obois.be\/?page_id=430#breadcrumb"},"inLanguage":"fr-FR","potentialAction":[{"@type":"ReadAction","target":["https:\/\/h2obois.be\/?page_id=430"]}]},{"@type":"BreadcrumbList","@id":"https:\/\/h2obois.be\/?page_id=430#breadcrumb","itemListElement":[{"@type":"ListItem","position":1,"name":"Accueil","item":"https:\/\/h2obois.be\/"},{"@type":"ListItem","position":2,"name":"Qui sommes-nous?"}]},{"@type":"WebSite","@id":"https:\/\/h2obois.be\/#website","url":"https:\/\/h2obois.be\/","name":"H2O Bois - piscines ossature bois dans le Hainaut en Belgique","description":"Cr\u00e9ation et r\u00e9novation de piscine en ossature bois","publisher":{"@id":"https:\/\/h2obois.be\/#organization"},"potentialAction":[{"@type":"SearchAction","target":{"@type":"EntryPoint","urlTemplate":"https:\/\/h2obois.be\/?s={search_term_string}"},"query-input":"required name=search_term_string"}],"inLanguage":"fr-FR"},{"@type":"Organization","@id":"https:\/\/h2obois.be\/#organization","name":"H2o Bois - Piscines ossature bois","url":"https:\/\/h2obois.be\/","logo":{"@type":"ImageObject","inLanguage":"fr-FR","@id":"https:\/\/h2obois.be\/#\/schema\/logo\/image\/","url":"https:\/\/i0.wp.com\/h2obois.be\/wp-content\/uploads\/2021\/10\/favicon512x512.png?fit=512%2C512&ssl=1","contentUrl":"https:\/\/i0.wp.com\/h2obois.be\/wp-content\/uploads\/2021\/10\/favicon512x512.png?fit=512%2C512&ssl=1","width":512,"height":512,"caption":"H2o Bois - Piscines ossature bois"},"image":{"@id":"https:\/\/h2obois.be\/#\/schema\/logo\/image\/"},"sameAs":["https:\/\/www.facebook.com\/H2oBois"]}]}},"_links":{"self":[{"href":"https:\/\/h2obois.be\/index.php?rest_route=\/wp\/v2\/pages\/430"}],"collection":[{"href":"https:\/\/h2obois.be\/index.php?rest_route=\/wp\/v2\/pages"}],"about":[{"href":"https:\/\/h2obois.be\/index.php?rest_route=\/wp\/v2\/types\/page"}],"author":[{"embeddable":true,"href":"https:\/\/h2obois.be\/index.php?rest_route=\/wp\/v2\/users\/1"}],"replies":[{"embeddable":true,"href":"https:\/\/h2obois.be\/index.php?rest_route=%2Fwp%2Fv2%2Fcomments&post=430"}],"version-history":[{"count":10,"href":"https:\/\/h2obois.be\/index.php?rest_route=\/wp\/v2\/pages\/430\/revisions"}],"predecessor-version":[{"id":553,"href":"https:\/\/h2obois.be\/index.php?rest_route=\/wp\/v2\/pages\/430\/revisions\/553"}],"wp:attachment":[{"href":"https:\/\/h2obois.be\/index.php?rest_route=%2Fwp%2Fv2%2Fmedia&parent=430"}],"curies":[{"name":"wp","href":"https:\/\/api.w.org\/{rel}","templated":true}]}}