{"id":441,"date":"2021-10-21T12:21:08","date_gmt":"2021-10-21T10:21:08","guid":{"rendered":"https:\/\/h2obois.be\/?page_id=441"},"modified":"2021-10-25T13:54:33","modified_gmt":"2021-10-25T11:54:33","slug":"mentions-legales","status":"publish","type":"page","link":"https:\/\/h2obois.be\/?page_id=441","title":{"rendered":"Mentions l\u00e9gales"},"content":{"rendered":"\t\t<div data-elementor-type=\"wp-page\" data-elementor-id=\"441\" class=\"elementor elementor-441\" data-elementor-post-type=\"page\">\n\t\t\t\t\t\t\t\t\t<section class=\"elementor-section elementor-top-section elementor-element elementor-element-f9ac995 elementor-section-boxed elementor-section-height-default elementor-section-height-default\" data-id=\"f9ac995\" data-element_type=\"section\">\n\t\t\t\t\t\t<div class=\"elementor-container elementor-column-gap-default\">\n\t\t\t\t\t<div class=\"elementor-column elementor-col-100 elementor-top-column elementor-element elementor-element-d355ae3\" data-id=\"d355ae3\" data-element_type=\"column\">\n\t\t\t<div class=\"elementor-widget-wrap elementor-element-populated\">\n\t\t\t\t\t\t\t\t<div class=\"elementor-element elementor-element-f34ea1b elementor-widget elementor-widget-text-editor\" data-id=\"f34ea1b\" data-element_type=\"widget\" data-widget_type=\"text-editor.default\">\n\t\t\t\t<div class=\"elementor-widget-container\">\n\t\t\t<style>\/*! elementor - v3.16.0 - 14-09-2023 *\/\n.elementor-widget-text-editor.elementor-drop-cap-view-stacked .elementor-drop-cap{background-color:#69727d;color:#fff}.elementor-widget-text-editor.elementor-drop-cap-view-framed .elementor-drop-cap{color:#69727d;border:3px solid;background-color:transparent}.elementor-widget-text-editor:not(.elementor-drop-cap-view-default) .elementor-drop-cap{margin-top:8px}.elementor-widget-text-editor:not(.elementor-drop-cap-view-default) .elementor-drop-cap-letter{width:1em;height:1em}.elementor-widget-text-editor .elementor-drop-cap{float:left;text-align:center;line-height:1;font-size:50px}.elementor-widget-text-editor .elementor-drop-cap-letter{display:inline-block}<\/style>\t\t\t\t<p>\u00a0<\/p><p>L&rsquo;ensemble de nos conditions g\u00e9n\u00e9rales d&rsquo;utilisations du site sont reprises dans la page du m\u00eame nom.<br \/>Ce site web a \u00e9t\u00e9 d\u00e9velopp\u00e9 par nos soins.<\/p><p>Nous ne pouvons pas \u00eatre tenus responsables des personnalisation et logos cr\u00e9\u00e9s par les utilisateurs de notre site internet.<\/p><p>Chaque r\u00e9alisation reporte la responsabilit\u00e9 en terme de droits \u00e0 son cr\u00e9ateur, de facto \u00e0 l&rsquo;utilisateur final.<\/p><p>Pour toute autre attribution, voici les coordonn\u00e9es responsables de l&rsquo;\u00e9metteur de cette plateforme de vente :<\/p><p>\u00a0<\/p><p>H2O bois<\/p><p>(Administrateur : Fran\u00e7ois Deschamps)<\/p><p>Rue du Pi\u00e9mont,18<\/p><p>7387 Honnelles<\/p><p>Belgique<\/p><p>TVA : BE 0809 144 504<\/p><p>\u00a0<\/p>\t\t\t\t\t\t<\/div>\n\t\t\t\t<\/div>\n\t\t\t\t\t<\/div>\n\t\t<\/div>\n\t\t\t\t\t\t\t<\/div>\n\t\t<\/section>\n\t\t\t\t\t\t\t<\/div>\n\t\t","protected":false},"excerpt":{"rendered":"<p>\u00a0 L&rsquo;ensemble de nos conditions g\u00e9n\u00e9rales d&rsquo;utilisations du site sont reprises dans la page du m\u00eame nom.Ce site web a \u00e9t\u00e9 d\u00e9velopp\u00e9 par nos soins. Nous ne pouvons pas \u00eatre tenus responsables des personnalisation et logos cr\u00e9\u00e9s par les utilisateurs de notre site internet. Chaque r\u00e9alisation reporte la responsabilit\u00e9 en terme de droits \u00e0 son [&hellip;]<\/p>\n","protected":false},"author":1,"featured_media":0,"parent":0,"menu_order":0,"comment_status":"closed","ping_status":"closed","template":"","meta":[],"yoast_head":"<!-- This site is optimized with the Yoast SEO plugin v21.1 - https:\/\/yoast.com\/wordpress\/plugins\/seo\/ -->\n<title>Mentions l\u00e9gales - H2O Bois - piscines ossature bois dans le Hainaut en Belgique<\/title>\n<meta name=\"robots\" content=\"index, follow, max-snippet:-1, max-image-preview:large, max-video-preview:-1\" \/>\n<link rel=\"canonical\" href=\"https:\/\/h2obois.be\/?page_id=441\" \/>\n<meta property=\"og:locale\" content=\"fr_FR\" \/>\n<meta property=\"og:type\" content=\"article\" \/>\n<meta property=\"og:title\" content=\"Mentions l\u00e9gales - H2O Bois - piscines ossature bois dans le Hainaut en Belgique\" \/>\n<meta property=\"og:description\" content=\"\u00a0 L&rsquo;ensemble de nos conditions g\u00e9n\u00e9rales d&rsquo;utilisations du site sont reprises dans la page du m\u00eame nom.Ce site web a \u00e9t\u00e9 d\u00e9velopp\u00e9 par nos soins. Nous ne pouvons pas \u00eatre tenus responsables des personnalisation et logos cr\u00e9\u00e9s par les utilisateurs de notre site internet. Chaque r\u00e9alisation reporte la responsabilit\u00e9 en terme de droits \u00e0 son [&hellip;]\" \/>\n<meta property=\"og:url\" content=\"https:\/\/h2obois.be\/?page_id=441\" \/>\n<meta property=\"og:site_name\" content=\"H2O Bois - piscines ossature bois dans le Hainaut en Belgique\" \/>\n<meta property=\"article:publisher\" content=\"https:\/\/www.facebook.com\/H2oBois\" \/>\n<meta property=\"article:modified_time\" content=\"2021-10-25T11:54:33+00:00\" \/>\n<meta name=\"twitter:card\" content=\"summary_large_image\" \/>\n<script type=\"application\/ld+json\" class=\"yoast-schema-graph\">{\"@context\":\"https:\/\/schema.org\",\"@graph\":[{\"@type\":\"WebPage\",\"@id\":\"https:\/\/h2obois.be\/?page_id=441\",\"url\":\"https:\/\/h2obois.be\/?page_id=441\",\"name\":\"Mentions l\u00e9gales - H2O Bois - piscines ossature bois dans le Hainaut en Belgique\",\"isPartOf\":{\"@id\":\"https:\/\/h2obois.be\/#website\"},\"datePublished\":\"2021-10-21T10:21:08+00:00\",\"dateModified\":\"2021-10-25T11:54:33+00:00\",\"breadcrumb\":{\"@id\":\"https:\/\/h2obois.be\/?page_id=441#breadcrumb\"},\"inLanguage\":\"fr-FR\",\"potentialAction\":[{\"@type\":\"ReadAction\",\"target\":[\"https:\/\/h2obois.be\/?page_id=441\"]}]},{\"@type\":\"BreadcrumbList\",\"@id\":\"https:\/\/h2obois.be\/?page_id=441#breadcrumb\",\"itemListElement\":[{\"@type\":\"ListItem\",\"position\":1,\"name\":\"Accueil\",\"item\":\"https:\/\/h2obois.be\/\"},{\"@type\":\"ListItem\",\"position\":2,\"name\":\"Mentions l\u00e9gales\"}]},{\"@type\":\"WebSite\",\"@id\":\"https:\/\/h2obois.be\/#website\",\"url\":\"https:\/\/h2obois.be\/\",\"name\":\"H2O Bois - piscines ossature bois dans le Hainaut en Belgique\",\"description\":\"Cr\u00e9ation et r\u00e9novation de piscine en ossature bois\",\"publisher\":{\"@id\":\"https:\/\/h2obois.be\/#organization\"},\"potentialAction\":[{\"@type\":\"SearchAction\",\"target\":{\"@type\":\"EntryPoint\",\"urlTemplate\":\"https:\/\/h2obois.be\/?s={search_term_string}\"},\"query-input\":\"required name=search_term_string\"}],\"inLanguage\":\"fr-FR\"},{\"@type\":\"Organization\",\"@id\":\"https:\/\/h2obois.be\/#organization\",\"name\":\"H2o Bois - Piscines ossature bois\",\"url\":\"https:\/\/h2obois.be\/\",\"logo\":{\"@type\":\"ImageObject\",\"inLanguage\":\"fr-FR\",\"@id\":\"https:\/\/h2obois.be\/#\/schema\/logo\/image\/\",\"url\":\"https:\/\/i0.wp.com\/h2obois.be\/wp-content\/uploads\/2021\/10\/favicon512x512.png?fit=512%2C512&ssl=1\",\"contentUrl\":\"https:\/\/i0.wp.com\/h2obois.be\/wp-content\/uploads\/2021\/10\/favicon512x512.png?fit=512%2C512&ssl=1\",\"width\":512,\"height\":512,\"caption\":\"H2o Bois - Piscines ossature bois\"},\"image\":{\"@id\":\"https:\/\/h2obois.be\/#\/schema\/logo\/image\/\"},\"sameAs\":[\"https:\/\/www.facebook.com\/H2oBois\"]}]}<\/script>\n<!-- \/ Yoast SEO plugin. -->","yoast_head_json":{"title":"Mentions l\u00e9gales - H2O Bois - piscines ossature bois dans le Hainaut en Belgique","robots":{"index":"index","follow":"follow","max-snippet":"max-snippet:-1","max-image-preview":"max-image-preview:large","max-video-preview":"max-video-preview:-1"},"canonical":"https:\/\/h2obois.be\/?page_id=441","og_locale":"fr_FR","og_type":"article","og_title":"Mentions l\u00e9gales - H2O Bois - piscines ossature bois dans le Hainaut en Belgique","og_description":"\u00a0 L&rsquo;ensemble de nos conditions g\u00e9n\u00e9rales d&rsquo;utilisations du site sont reprises dans la page du m\u00eame nom.Ce site web a \u00e9t\u00e9 d\u00e9velopp\u00e9 par nos soins. Nous ne pouvons pas \u00eatre tenus responsables des personnalisation et logos cr\u00e9\u00e9s par les utilisateurs de notre site internet. Chaque r\u00e9alisation reporte la responsabilit\u00e9 en terme de droits \u00e0 son [&hellip;]","og_url":"https:\/\/h2obois.be\/?page_id=441","og_site_name":"H2O Bois - piscines ossature bois dans le Hainaut en Belgique","article_publisher":"https:\/\/www.facebook.com\/H2oBois","article_modified_time":"2021-10-25T11:54:33+00:00","twitter_card":"summary_large_image","schema":{"@context":"https:\/\/schema.org","@graph":[{"@type":"WebPage","@id":"https:\/\/h2obois.be\/?page_id=441","url":"https:\/\/h2obois.be\/?page_id=441","name":"Mentions l\u00e9gales - H2O Bois - piscines ossature bois dans le Hainaut en Belgique","isPartOf":{"@id":"https:\/\/h2obois.be\/#website"},"datePublished":"2021-10-21T10:21:08+00:00","dateModified":"2021-10-25T11:54:33+00:00","breadcrumb":{"@id":"https:\/\/h2obois.be\/?page_id=441#breadcrumb"},"inLanguage":"fr-FR","potentialAction":[{"@type":"ReadAction","target":["https:\/\/h2obois.be\/?page_id=441"]}]},{"@type":"BreadcrumbList","@id":"https:\/\/h2obois.be\/?page_id=441#breadcrumb","itemListElement":[{"@type":"ListItem","position":1,"name":"Accueil","item":"https:\/\/h2obois.be\/"},{"@type":"ListItem","position":2,"name":"Mentions l\u00e9gales"}]},{"@type":"WebSite","@id":"https:\/\/h2obois.be\/#website","url":"https:\/\/h2obois.be\/","name":"H2O Bois - piscines ossature bois dans le Hainaut en Belgique","description":"Cr\u00e9ation et r\u00e9novation de piscine en ossature bois","publisher":{"@id":"https:\/\/h2obois.be\/#organization"},"potentialAction":[{"@type":"SearchAction","target":{"@type":"EntryPoint","urlTemplate":"https:\/\/h2obois.be\/?s={search_term_string}"},"query-input":"required name=search_term_string"}],"inLanguage":"fr-FR"},{"@type":"Organization","@id":"https:\/\/h2obois.be\/#organization","name":"H2o Bois - Piscines ossature bois","url":"https:\/\/h2obois.be\/","logo":{"@type":"ImageObject","inLanguage":"fr-FR","@id":"https:\/\/h2obois.be\/#\/schema\/logo\/image\/","url":"https:\/\/i0.wp.com\/h2obois.be\/wp-content\/uploads\/2021\/10\/favicon512x512.png?fit=512%2C512&ssl=1","contentUrl":"https:\/\/i0.wp.com\/h2obois.be\/wp-content\/uploads\/2021\/10\/favicon512x512.png?fit=512%2C512&ssl=1","width":512,"height":512,"caption":"H2o Bois - Piscines ossature bois"},"image":{"@id":"https:\/\/h2obois.be\/#\/schema\/logo\/image\/"},"sameAs":["https:\/\/www.facebook.com\/H2oBois"]}]}},"_links":{"self":[{"href":"https:\/\/h2obois.be\/index.php?rest_route=\/wp\/v2\/pages\/441"}],"collection":[{"href":"https:\/\/h2obois.be\/index.php?rest_route=\/wp\/v2\/pages"}],"about":[{"href":"https:\/\/h2obois.be\/index.php?rest_route=\/wp\/v2\/types\/page"}],"author":[{"embeddable":true,"href":"https:\/\/h2obois.be\/index.php?rest_route=\/wp\/v2\/users\/1"}],"replies":[{"embeddable":true,"href":"https:\/\/h2obois.be\/index.php?rest_route=%2Fwp%2Fv2%2Fcomments&post=441"}],"version-history":[{"count":10,"href":"https:\/\/h2obois.be\/index.php?rest_route=\/wp\/v2\/pages\/441\/revisions"}],"predecessor-version":[{"id":517,"href":"https:\/\/h2obois.be\/index.php?rest_route=\/wp\/v2\/pages\/441\/revisions\/517"}],"wp:attachment":[{"href":"https:\/\/h2obois.be\/index.php?rest_route=%2Fwp%2Fv2%2Fmedia&parent=441"}],"curies":[{"name":"wp","href":"https:\/\/api.w.org\/{rel}","templated":true}]}}