{"id":446,"date":"2021-10-21T12:22:28","date_gmt":"2021-10-21T10:22:28","guid":{"rendered":"https:\/\/h2obois.be\/?page_id=446"},"modified":"2021-10-25T13:58:42","modified_gmt":"2021-10-25T11:58:42","slug":"politique-de-confidentialite-2","status":"publish","type":"page","link":"https:\/\/h2obois.be\/?page_id=446","title":{"rendered":"Politique de confidentialit\u00e9"},"content":{"rendered":"\t\t<div data-elementor-type=\"wp-page\" data-elementor-id=\"446\" class=\"elementor elementor-446\" data-elementor-post-type=\"page\">\n\t\t\t\t\t\t\t\t\t<section class=\"elementor-section elementor-top-section elementor-element elementor-element-58632c4 elementor-section-boxed elementor-section-height-default elementor-section-height-default\" data-id=\"58632c4\" data-element_type=\"section\">\n\t\t\t\t\t\t<div class=\"elementor-container elementor-column-gap-default\">\n\t\t\t\t\t<div class=\"elementor-column elementor-col-100 elementor-top-column elementor-element elementor-element-0681815\" data-id=\"0681815\" data-element_type=\"column\">\n\t\t\t<div class=\"elementor-widget-wrap elementor-element-populated\">\n\t\t\t\t\t\t\t\t<div class=\"elementor-element elementor-element-2a2638e elementor-widget elementor-widget-text-editor\" data-id=\"2a2638e\" data-element_type=\"widget\" data-widget_type=\"text-editor.default\">\n\t\t\t\t<div class=\"elementor-widget-container\">\n\t\t\t<style>\/*! elementor - v3.16.0 - 14-09-2023 *\/\n.elementor-widget-text-editor.elementor-drop-cap-view-stacked .elementor-drop-cap{background-color:#69727d;color:#fff}.elementor-widget-text-editor.elementor-drop-cap-view-framed .elementor-drop-cap{color:#69727d;border:3px solid;background-color:transparent}.elementor-widget-text-editor:not(.elementor-drop-cap-view-default) .elementor-drop-cap{margin-top:8px}.elementor-widget-text-editor:not(.elementor-drop-cap-view-default) .elementor-drop-cap-letter{width:1em;height:1em}.elementor-widget-text-editor .elementor-drop-cap{float:left;text-align:center;line-height:1;font-size:50px}.elementor-widget-text-editor .elementor-drop-cap-letter{display:inline-block}<\/style>\t\t\t\t<p>QUESTIONS ET COORDONN\u00c9ES<\/p><p>\u00a0<\/p><p>Si vous souhaitez: acc\u00e9der \u00e0, corriger, modifier ou supprimer toutes informations personnelles que nous avons \u00e0 votre sujet, d\u00e9poser une plainte, ou si vous souhaitez simplement avoir plus d\u2019informations, contactez notre agent responsable des normes de confidentialit\u00e9 \u00e0 fr.deschamps@hotmail.com ou par courrier \u00e0<\/p><p>H2O bois<\/p><p>Rue du Pi\u00e9mont,18<\/p><p>7387\u00a0 \u00a0Honnelles<\/p><p>Belgique<\/p><p>\u00a0<\/p>\t\t\t\t\t\t<\/div>\n\t\t\t\t<\/div>\n\t\t\t\t\t<\/div>\n\t\t<\/div>\n\t\t\t\t\t\t\t<\/div>\n\t\t<\/section>\n\t\t\t\t\t\t\t<\/div>\n\t\t","protected":false},"excerpt":{"rendered":"<p>QUESTIONS ET COORDONN\u00c9ES \u00a0 Si vous souhaitez: acc\u00e9der \u00e0, corriger, modifier ou supprimer toutes informations personnelles que nous avons \u00e0 votre sujet, d\u00e9poser une plainte, ou si vous souhaitez simplement avoir plus d\u2019informations, contactez notre agent responsable des normes de confidentialit\u00e9 \u00e0 fr.deschamps@hotmail.com ou par courrier \u00e0 H2O bois Rue du Pi\u00e9mont,18 7387\u00a0 \u00a0Honnelles Belgique [&hellip;]<\/p>\n","protected":false},"author":1,"featured_media":0,"parent":0,"menu_order":0,"comment_status":"closed","ping_status":"closed","template":"","meta":[],"yoast_head":"<!-- This site is optimized with the Yoast SEO plugin v21.1 - https:\/\/yoast.com\/wordpress\/plugins\/seo\/ -->\n<title>Politique de confidentialit\u00e9 - H2O Bois - piscines ossature bois dans le Hainaut en Belgique<\/title>\n<meta name=\"robots\" content=\"index, follow, max-snippet:-1, max-image-preview:large, max-video-preview:-1\" \/>\n<link rel=\"canonical\" href=\"https:\/\/h2obois.be\/?page_id=446\" \/>\n<meta property=\"og:locale\" content=\"fr_FR\" \/>\n<meta property=\"og:type\" content=\"article\" \/>\n<meta property=\"og:title\" content=\"Politique de confidentialit\u00e9 - H2O Bois - piscines ossature bois dans le Hainaut en Belgique\" \/>\n<meta property=\"og:description\" content=\"QUESTIONS ET COORDONN\u00c9ES \u00a0 Si vous souhaitez: acc\u00e9der \u00e0, corriger, modifier ou supprimer toutes informations personnelles que nous avons \u00e0 votre sujet, d\u00e9poser une plainte, ou si vous souhaitez simplement avoir plus d\u2019informations, contactez notre agent responsable des normes de confidentialit\u00e9 \u00e0 fr.deschamps@hotmail.com ou par courrier \u00e0 H2O bois Rue du Pi\u00e9mont,18 7387\u00a0 \u00a0Honnelles Belgique [&hellip;]\" \/>\n<meta property=\"og:url\" content=\"https:\/\/h2obois.be\/?page_id=446\" \/>\n<meta property=\"og:site_name\" content=\"H2O Bois - piscines ossature bois dans le Hainaut en Belgique\" \/>\n<meta property=\"article:publisher\" content=\"https:\/\/www.facebook.com\/H2oBois\" \/>\n<meta property=\"article:modified_time\" content=\"2021-10-25T11:58:42+00:00\" \/>\n<meta name=\"twitter:card\" content=\"summary_large_image\" \/>\n<script type=\"application\/ld+json\" class=\"yoast-schema-graph\">{\"@context\":\"https:\/\/schema.org\",\"@graph\":[{\"@type\":\"WebPage\",\"@id\":\"https:\/\/h2obois.be\/?page_id=446\",\"url\":\"https:\/\/h2obois.be\/?page_id=446\",\"name\":\"Politique de confidentialit\u00e9 - H2O Bois - piscines ossature bois dans le Hainaut en Belgique\",\"isPartOf\":{\"@id\":\"https:\/\/h2obois.be\/#website\"},\"datePublished\":\"2021-10-21T10:22:28+00:00\",\"dateModified\":\"2021-10-25T11:58:42+00:00\",\"breadcrumb\":{\"@id\":\"https:\/\/h2obois.be\/?page_id=446#breadcrumb\"},\"inLanguage\":\"fr-FR\",\"potentialAction\":[{\"@type\":\"ReadAction\",\"target\":[\"https:\/\/h2obois.be\/?page_id=446\"]}]},{\"@type\":\"BreadcrumbList\",\"@id\":\"https:\/\/h2obois.be\/?page_id=446#breadcrumb\",\"itemListElement\":[{\"@type\":\"ListItem\",\"position\":1,\"name\":\"Accueil\",\"item\":\"https:\/\/h2obois.be\/\"},{\"@type\":\"ListItem\",\"position\":2,\"name\":\"Politique de confidentialit\u00e9\"}]},{\"@type\":\"WebSite\",\"@id\":\"https:\/\/h2obois.be\/#website\",\"url\":\"https:\/\/h2obois.be\/\",\"name\":\"H2O Bois - piscines ossature bois dans le Hainaut en Belgique\",\"description\":\"Cr\u00e9ation et r\u00e9novation de piscine en ossature bois\",\"publisher\":{\"@id\":\"https:\/\/h2obois.be\/#organization\"},\"potentialAction\":[{\"@type\":\"SearchAction\",\"target\":{\"@type\":\"EntryPoint\",\"urlTemplate\":\"https:\/\/h2obois.be\/?s={search_term_string}\"},\"query-input\":\"required name=search_term_string\"}],\"inLanguage\":\"fr-FR\"},{\"@type\":\"Organization\",\"@id\":\"https:\/\/h2obois.be\/#organization\",\"name\":\"H2o Bois - Piscines ossature bois\",\"url\":\"https:\/\/h2obois.be\/\",\"logo\":{\"@type\":\"ImageObject\",\"inLanguage\":\"fr-FR\",\"@id\":\"https:\/\/h2obois.be\/#\/schema\/logo\/image\/\",\"url\":\"https:\/\/i0.wp.com\/h2obois.be\/wp-content\/uploads\/2021\/10\/favicon512x512.png?fit=512%2C512&ssl=1\",\"contentUrl\":\"https:\/\/i0.wp.com\/h2obois.be\/wp-content\/uploads\/2021\/10\/favicon512x512.png?fit=512%2C512&ssl=1\",\"width\":512,\"height\":512,\"caption\":\"H2o Bois - Piscines ossature bois\"},\"image\":{\"@id\":\"https:\/\/h2obois.be\/#\/schema\/logo\/image\/\"},\"sameAs\":[\"https:\/\/www.facebook.com\/H2oBois\"]}]}<\/script>\n<!-- \/ Yoast SEO plugin. -->","yoast_head_json":{"title":"Politique de confidentialit\u00e9 - H2O Bois - piscines ossature bois dans le Hainaut en Belgique","robots":{"index":"index","follow":"follow","max-snippet":"max-snippet:-1","max-image-preview":"max-image-preview:large","max-video-preview":"max-video-preview:-1"},"canonical":"https:\/\/h2obois.be\/?page_id=446","og_locale":"fr_FR","og_type":"article","og_title":"Politique de confidentialit\u00e9 - H2O Bois - piscines ossature bois dans le Hainaut en Belgique","og_description":"QUESTIONS ET COORDONN\u00c9ES \u00a0 Si vous souhaitez: acc\u00e9der \u00e0, corriger, modifier ou supprimer toutes informations personnelles que nous avons \u00e0 votre sujet, d\u00e9poser une plainte, ou si vous souhaitez simplement avoir plus d\u2019informations, contactez notre agent responsable des normes de confidentialit\u00e9 \u00e0 fr.deschamps@hotmail.com ou par courrier \u00e0 H2O bois Rue du Pi\u00e9mont,18 7387\u00a0 \u00a0Honnelles Belgique [&hellip;]","og_url":"https:\/\/h2obois.be\/?page_id=446","og_site_name":"H2O Bois - piscines ossature bois dans le Hainaut en Belgique","article_publisher":"https:\/\/www.facebook.com\/H2oBois","article_modified_time":"2021-10-25T11:58:42+00:00","twitter_card":"summary_large_image","schema":{"@context":"https:\/\/schema.org","@graph":[{"@type":"WebPage","@id":"https:\/\/h2obois.be\/?page_id=446","url":"https:\/\/h2obois.be\/?page_id=446","name":"Politique de confidentialit\u00e9 - H2O Bois - piscines ossature bois dans le Hainaut en Belgique","isPartOf":{"@id":"https:\/\/h2obois.be\/#website"},"datePublished":"2021-10-21T10:22:28+00:00","dateModified":"2021-10-25T11:58:42+00:00","breadcrumb":{"@id":"https:\/\/h2obois.be\/?page_id=446#breadcrumb"},"inLanguage":"fr-FR","potentialAction":[{"@type":"ReadAction","target":["https:\/\/h2obois.be\/?page_id=446"]}]},{"@type":"BreadcrumbList","@id":"https:\/\/h2obois.be\/?page_id=446#breadcrumb","itemListElement":[{"@type":"ListItem","position":1,"name":"Accueil","item":"https:\/\/h2obois.be\/"},{"@type":"ListItem","position":2,"name":"Politique de confidentialit\u00e9"}]},{"@type":"WebSite","@id":"https:\/\/h2obois.be\/#website","url":"https:\/\/h2obois.be\/","name":"H2O Bois - piscines ossature bois dans le Hainaut en Belgique","description":"Cr\u00e9ation et r\u00e9novation de piscine en ossature bois","publisher":{"@id":"https:\/\/h2obois.be\/#organization"},"potentialAction":[{"@type":"SearchAction","target":{"@type":"EntryPoint","urlTemplate":"https:\/\/h2obois.be\/?s={search_term_string}"},"query-input":"required name=search_term_string"}],"inLanguage":"fr-FR"},{"@type":"Organization","@id":"https:\/\/h2obois.be\/#organization","name":"H2o Bois - Piscines ossature bois","url":"https:\/\/h2obois.be\/","logo":{"@type":"ImageObject","inLanguage":"fr-FR","@id":"https:\/\/h2obois.be\/#\/schema\/logo\/image\/","url":"https:\/\/i0.wp.com\/h2obois.be\/wp-content\/uploads\/2021\/10\/favicon512x512.png?fit=512%2C512&ssl=1","contentUrl":"https:\/\/i0.wp.com\/h2obois.be\/wp-content\/uploads\/2021\/10\/favicon512x512.png?fit=512%2C512&ssl=1","width":512,"height":512,"caption":"H2o Bois - Piscines ossature bois"},"image":{"@id":"https:\/\/h2obois.be\/#\/schema\/logo\/image\/"},"sameAs":["https:\/\/www.facebook.com\/H2oBois"]}]}},"_links":{"self":[{"href":"https:\/\/h2obois.be\/index.php?rest_route=\/wp\/v2\/pages\/446"}],"collection":[{"href":"https:\/\/h2obois.be\/index.php?rest_route=\/wp\/v2\/pages"}],"about":[{"href":"https:\/\/h2obois.be\/index.php?rest_route=\/wp\/v2\/types\/page"}],"author":[{"embeddable":true,"href":"https:\/\/h2obois.be\/index.php?rest_route=\/wp\/v2\/users\/1"}],"replies":[{"embeddable":true,"href":"https:\/\/h2obois.be\/index.php?rest_route=%2Fwp%2Fv2%2Fcomments&post=446"}],"version-history":[{"count":10,"href":"https:\/\/h2obois.be\/index.php?rest_route=\/wp\/v2\/pages\/446\/revisions"}],"predecessor-version":[{"id":523,"href":"https:\/\/h2obois.be\/index.php?rest_route=\/wp\/v2\/pages\/446\/revisions\/523"}],"wp:attachment":[{"href":"https:\/\/h2obois.be\/index.php?rest_route=%2Fwp%2Fv2%2Fmedia&parent=446"}],"curies":[{"name":"wp","href":"https:\/\/api.w.org\/{rel}","templated":true}]}}